{"id":925,"date":"2018-12-31T19:58:30","date_gmt":"2018-12-31T16:58:30","guid":{"rendered":"http:\/\/17geosem.ebyu.edu.tr\/?page_id=925"},"modified":"2019-08-27T12:21:17","modified_gmt":"2019-08-27T09:21:17","slug":"duyurular","status":"publish","type":"page","link":"https:\/\/17geosem.ebyu.edu.tr\/?page_id=925","title":{"rendered":"DUYURULAR"},"content":{"rendered":"<hr \/>\n<ul>\n<li><span style=\"color: #0000ff;\"><strong>DUYURU 5 : <\/strong><\/span><strong style=\"color: #0000ff; font-size: inherit;\">\u00d6ZET B\u0130LD\u0130R\u0130 K\u0130TAP\u00c7I\u011eI<\/strong><\/li>\n<\/ul>\n<h4 style=\"padding-left: 40px;\"><strong><span style=\"color: #ff0000;\"><a style=\"color: #ff0000;\" href=\"http:\/\/17geosem.ebyu.edu.tr\/wp-content\/uploads\/2019\/08\/AbstractsBook_compressed.pdf\">\u00d6zet Bildiri Kitap\u00e7\u0131\u011f\u0131 i\u00e7in t\u0131klay\u0131n\u0131z.<\/a><\/span><\/strong><\/h4>\n<hr \/>\n<ul>\n<li><span style=\"color: #0000ff;\"><strong>DUYURU 4 : <\/strong><\/span><span style=\"color: #0000ff;\"><strong>Symposium Photos:<\/strong><\/span><br \/>\n<strong><span style=\"color: #ff0000;\"><a style=\"color: #ff0000;\" href=\"https:\/\/drive.google.com\/open?id=1X1RoqAueNGmjJQeSEie3linpoDYNWkpk\">SYMPOSIUM PHOTOS (Direct Link \u2013 Google Drive (6 GB))<\/a><\/span><\/strong><\/p>\n<hr \/>\n<\/li>\n<li><span style=\"color: #0000ff;\"><strong>DUYURU 3 : <\/strong><\/span><a style=\"color: #0000ff;\" href=\"http:\/\/17geosem.ebyu.edu.tr\/wp-content\/uploads\/2019\/06\/SYMPOSIUM-PROGRAMME.pdf\"><strong>Sempozyum program\u0131 yay\u0131nlanm\u0131\u015ft\u0131r.<\/strong><\/a><\/li>\n<\/ul>\n<p style=\"padding-left: 40px;\"><strong><span style=\"color: #000000;\">Sempozyum program\u0131 gelen taleplere\u00a0g\u00f6re haz\u0131rlanm\u0131\u015ft\u0131r. L\u00fctfen program ak\u0131\u015f\u0131 i\u00e7in de\u011fi\u015fiklik talebinde bulunmay\u0131n\u0131z. <\/span><\/strong><\/p>\n<p style=\"padding-left: 40px;\"><strong><span style=\"color: #000000;\">Anlay\u0131\u015f\u0131n\u0131z i\u00e7in te\u015fekk\u00fcr ederiz.<\/span><\/strong><\/p>\n<div id=\"primary\" class=\"content-area\"><main id=\"main\" class=\"site-main\" role=\"main\"><\/p>\n<article id=\"post-82\" class=\"post-82 page type-page status-publish hentry\">\n<div class=\"entry-content\" style=\"padding-left: 40px;\"><span style=\"color: #ff0000;\"><strong><a style=\"color: #ff0000;\" href=\"http:\/\/17geosem.ebyu.edu.tr\/wp-content\/uploads\/2019\/06\/SYMPOSIUM-PROGRAMME.pdf\">Sempozyum program\u0131 i\u00e7in t\u0131klay\u0131n\u0131z.<\/a><\/strong><\/span><\/div>\n<\/article>\n<hr \/>\n<p><\/main><\/div>\n<ul>\n<li><span style=\"color: #0000ff;\"><strong>DUYURU 2 :\u00a0<\/strong><\/span><\/li>\n<\/ul>\n<p><strong data-cpid=\"cp_node_38\"><span style=\"color: #000000;\">Ba\u015fvuru s\u00fcresi uzat\u0131lm\u0131\u015ft\u0131r. Bildiri \u00d6zeti G\u00f6nderimi Biti\u015f Tarihi: <\/span><del><span style=\"color: #ff0000;\">24 May\u0131s 2019<\/span><\/del><\/strong><\/p>\n<hr \/>\n<ul>\n<li><span style=\"color: #0000ff;\"><strong>DUYURU 1 :\u00a0<\/strong><\/span><\/li>\n<\/ul>\n<p><span style=\"color: #800000;\"><strong><span style=\"color: #ff0000;\">18 Haziran 2019 &#8211; Sal\u0131<\/span> g\u00fcn\u00fc ;<\/strong><\/span><\/p>\n<p><span style=\"color: #800000;\"><strong>1- Saat <span style=\"color: #ff0000;\">01:15<\/span> &#8216;te\u00a0\u00a0gece \u0130stanbul ve Ankara&#8217;dan gelen u\u00e7aklar i\u00e7in,<\/strong><\/span><\/p>\n<p><span style=\"color: #800000;\"><strong>2- Saat <span style=\"color: #ff0000;\">15:30<\/span> &#8216;da \u0130stanbul&#8217;dan gelen u\u00e7ak i\u00e7in Erzincan havaliman\u0131nda ilgili personel sizleri kar\u015f\u0131layacak olup otellere servisler taraf\u0131m\u0131zdan yap\u0131lacakt\u0131r.<\/strong><\/span><\/p>\n<hr \/>\n","protected":false},"excerpt":{"rendered":"<p>DUYURU 5 : \u00d6ZET B\u0130LD\u0130R\u0130 K\u0130TAP\u00c7I\u011eI \u00d6zet Bildiri Kitap\u00e7\u0131\u011f\u0131 i\u00e7in t\u0131klay\u0131n\u0131z. DUYURU 4 : Symposium Photos: SYMPOSIUM PHOTOS (Direct Link \u2013 Google Drive (6 GB)) DUYURU 3 : Sempozyum program\u0131 yay\u0131nlanm\u0131\u015ft\u0131r. Sempozyum program\u0131 gelen taleplere\u00a0g\u00f6re haz\u0131rlanm\u0131\u015ft\u0131r. L\u00fctfen program ak\u0131\u015f\u0131 i\u00e7in de\u011fi\u015fiklik talebinde bulunmay\u0131n\u0131z. Anlay\u0131\u015f\u0131n\u0131z i\u00e7in te\u015fekk\u00fcr ederiz. Sempozyum program\u0131 i\u00e7in t\u0131klay\u0131n\u0131z. DUYURU 2 :\u00a0 Ba\u015fvuru&hellip; <br \/> <a class=\"read-more\" href=\"https:\/\/17geosem.ebyu.edu.tr\/?page_id=925\">Devam\u0131<\/a><\/p>\n","protected":false},"author":4,"featured_media":0,"parent":0,"menu_order":0,"comment_status":"closed","ping_status":"closed","template":"","meta":{"footnotes":""},"class_list":["post-925","page","type-page","status-publish","hentry"],"_links":{"self":[{"href":"https:\/\/17geosem.ebyu.edu.tr\/index.php?rest_route=\/wp\/v2\/pages\/925","targetHints":{"allow":["GET"]}}],"collection":[{"href":"https:\/\/17geosem.ebyu.edu.tr\/index.php?rest_route=\/wp\/v2\/pages"}],"about":[{"href":"https:\/\/17geosem.ebyu.edu.tr\/index.php?rest_route=\/wp\/v2\/types\/page"}],"author":[{"embeddable":true,"href":"https:\/\/17geosem.ebyu.edu.tr\/index.php?rest_route=\/wp\/v2\/users\/4"}],"replies":[{"embeddable":true,"href":"https:\/\/17geosem.ebyu.edu.tr\/index.php?rest_route=%2Fwp%2Fv2%2Fcomments&post=925"}],"version-history":[{"count":28,"href":"https:\/\/17geosem.ebyu.edu.tr\/index.php?rest_route=\/wp\/v2\/pages\/925\/revisions"}],"predecessor-version":[{"id":2326,"href":"https:\/\/17geosem.ebyu.edu.tr\/index.php?rest_route=\/wp\/v2\/pages\/925\/revisions\/2326"}],"wp:attachment":[{"href":"https:\/\/17geosem.ebyu.edu.tr\/index.php?rest_route=%2Fwp%2Fv2%2Fmedia&parent=925"}],"curies":[{"name":"wp","href":"https:\/\/api.w.org\/{rel}","templated":true}]}}