{"id":493,"date":"2018-12-04T22:36:01","date_gmt":"2018-12-04T19:36:01","guid":{"rendered":"http:\/\/17geosem.ebyu.edu.tr\/?page_id=493"},"modified":"2019-06-17T21:58:07","modified_gmt":"2019-06-17T18:58:07","slug":"ulasim","status":"publish","type":"page","link":"https:\/\/17geosem.ebyu.edu.tr\/?page_id=493","title":{"rendered":"ULA\u015eIM"},"content":{"rendered":"<p style=\"text-align: left;\"><span style=\"color: #000000;\"><strong>Sempozyumun yap\u0131laca\u011f\u0131 Erzincan Binali Y\u0131ld\u0131r\u0131m \u00dcniversitesi-Yaln\u0131zba\u011f Yerle\u015fkesi&#8217;ne ula\u015f\u0131m i\u00e7in;<\/strong><\/span><\/p>\n<p><span style=\"color: #000080;\"><strong>1-Erzincan Otogar &#8211; Yerle\u015fke<\/strong><\/span><\/p>\n<p style=\"text-align: left;\"><span style=\"color: #000000;\"><strong>Erzincan Otogar\u0131ndan Erzincan merkez&#8217;e (d\u00f6rtyol) 1,2,6 numaral\u0131 belediye otob\u00fcs\u00fc ile ula\u015f\u0131m sa\u011flanmaktad\u0131r (5km). Buradan ise yerle\u015fkeye 14 veya 14-A belediye otob\u00fcsleri ile\u00a0\u00a0ula\u015f\u0131m sa\u011flanmaktad\u0131r (9km). (Bini\u015flerde nakit \u00fccret ge\u00e7erlidir.)<\/strong><\/span><\/p>\n<p><span style=\"color: #000080;\"><strong>2- Erzincan Havaliman\u0131 &#8211; Yerle\u015fke<\/strong><\/span><\/p>\n<p style=\"text-align: left;\"><span style=\"color: #000000;\"><strong>Belediye Otob\u00fcs\u00fc \/ Hava\u015f ile:\u00a0Havaliman\u0131ndan her u\u00e7ak saatinde hareket eden Belediye otob\u00fcs\u00fc \/ Hava\u015f ile merkeze gelindikten sonra (9km), 14 veya 14-A belediye otob\u00fcsleri ile yerle\u015fkeye ula\u015f\u0131labilir.<\/strong><\/span><\/p>\n<p><span style=\"color: #0000ff;\"><strong>NOT: 18 Haziran 2019 &#8211; Sal\u0131 g\u00fcn\u00fc ;<\/strong><\/span><\/p>\n<p><span style=\"color: #0000ff;\"><strong>1- Saat 01:15 &#8216;te\u00a0\u00a0gece \u0130stanbul ve Ankara&#8217;dan gelen u\u00e7aklar i\u00e7in,<\/strong><\/span><\/p>\n<p><span style=\"color: #0000ff;\"><strong>2- Saat 15:30 &#8216;da \u0130stanbul&#8217;dan gelen u\u00e7ak i\u00e7in Erzincan havaliman\u0131nda ilgili personel sizleri kar\u015f\u0131layacak olup otellere servisler taraf\u0131m\u0131zdan yap\u0131lacakt\u0131r.<\/strong><\/span><\/p>\n<p><iframe loading=\"lazy\" style=\"border: 0;\" src=\"https:\/\/www.google.com\/maps\/embed?pb=!1m18!1m12!1m3!1d3065.1448248804795!2d39.376613315639325!3d39.803743100614106!2m3!1f0!2f0!3f0!3m2!1i1024!2i768!4f13.1!3m3!1m2!1s0x40700cc00253e0cb%3A0xf9c04aca31893d04!2zRXJ6aW5jYW4gQmluYWxpIFnEsWxkxLFyxLFtIMOcbml2ZXJzaXRlc2kgWWFsbsSxemJhxJ8gWWVybGXFn2tlc2k!5e0!3m2!1str!2str!4v1543953639857\" width=\"600\" height=\"450\" frameborder=\"0\" allowfullscreen=\"allowfullscreen\"><\/iframe><\/p>\n","protected":false},"excerpt":{"rendered":"<p>Sempozyumun yap\u0131laca\u011f\u0131 Erzincan Binali Y\u0131ld\u0131r\u0131m \u00dcniversitesi-Yaln\u0131zba\u011f Yerle\u015fkesi&#8217;ne ula\u015f\u0131m i\u00e7in; 1-Erzincan Otogar &#8211; Yerle\u015fke Erzincan Otogar\u0131ndan Erzincan merkez&#8217;e (d\u00f6rtyol) 1,2,6 numaral\u0131 belediye otob\u00fcs\u00fc ile ula\u015f\u0131m sa\u011flanmaktad\u0131r (5km). Buradan ise yerle\u015fkeye 14 veya 14-A belediye otob\u00fcsleri ile\u00a0\u00a0ula\u015f\u0131m sa\u011flanmaktad\u0131r (9km). (Bini\u015flerde nakit \u00fccret ge\u00e7erlidir.) 2- Erzincan Havaliman\u0131 &#8211; Yerle\u015fke Belediye Otob\u00fcs\u00fc \/ Hava\u015f ile:\u00a0Havaliman\u0131ndan her u\u00e7ak saatinde hareket&hellip; <br \/> <a class=\"read-more\" href=\"https:\/\/17geosem.ebyu.edu.tr\/?page_id=493\">Devam\u0131<\/a><\/p>\n","protected":false},"author":4,"featured_media":0,"parent":0,"menu_order":0,"comment_status":"closed","ping_status":"closed","template":"","meta":{"footnotes":""},"class_list":["post-493","page","type-page","status-publish","hentry"],"_links":{"self":[{"href":"https:\/\/17geosem.ebyu.edu.tr\/index.php?rest_route=\/wp\/v2\/pages\/493","targetHints":{"allow":["GET"]}}],"collection":[{"href":"https:\/\/17geosem.ebyu.edu.tr\/index.php?rest_route=\/wp\/v2\/pages"}],"about":[{"href":"https:\/\/17geosem.ebyu.edu.tr\/index.php?rest_route=\/wp\/v2\/types\/page"}],"author":[{"embeddable":true,"href":"https:\/\/17geosem.ebyu.edu.tr\/index.php?rest_route=\/wp\/v2\/users\/4"}],"replies":[{"embeddable":true,"href":"https:\/\/17geosem.ebyu.edu.tr\/index.php?rest_route=%2Fwp%2Fv2%2Fcomments&post=493"}],"version-history":[{"count":16,"href":"https:\/\/17geosem.ebyu.edu.tr\/index.php?rest_route=\/wp\/v2\/pages\/493\/revisions"}],"predecessor-version":[{"id":2231,"href":"https:\/\/17geosem.ebyu.edu.tr\/index.php?rest_route=\/wp\/v2\/pages\/493\/revisions\/2231"}],"wp:attachment":[{"href":"https:\/\/17geosem.ebyu.edu.tr\/index.php?rest_route=%2Fwp%2Fv2%2Fmedia&parent=493"}],"curies":[{"name":"wp","href":"https:\/\/api.w.org\/{rel}","templated":true}]}}