{"id":490,"date":"2018-12-04T22:35:37","date_gmt":"2018-12-04T19:35:37","guid":{"rendered":"http:\/\/17geosem.ebyu.edu.tr\/?page_id=490"},"modified":"2019-06-15T16:37:49","modified_gmt":"2019-06-15T13:37:49","slug":"konaklama","status":"publish","type":"page","link":"https:\/\/17geosem.ebyu.edu.tr\/?page_id=490","title":{"rendered":"KONAKLAMA"},"content":{"rendered":"<table width=\"658\">\n<tbody>\n<tr>\n<td rowspan=\"2\" width=\"154\"><a href=\"https:\/\/goo.gl\/maps\/ffA3o7cDYM42\"><img loading=\"lazy\" decoding=\"async\" class=\"alignnone size-full wp-image-1890\" src=\"http:\/\/17geosem.ebyu.edu.tr\/wp-content\/uploads\/2019\/04\/mengazi.jpg\" alt=\"\" width=\"650\" height=\"464\" \/><\/a><\/td>\n<td width=\"504\">\n<p style=\"text-align: left; padding-left: 60px;\"><span style=\"color: #0000ff;\"><strong><span style=\"color: #0000ff;\"><a style=\"color: #0000ff;\" href=\"https:\/\/goo.gl\/maps\/ffA3o7cDYM42\">KRED\u0130 ve YURTLAR KURUMU<\/a><\/span><\/strong><\/span><\/p>\n<hr \/>\n<p style=\"padding-left: 60px;\"><strong><span style=\"color: #800000;\"><span style=\"color: #000000;\">Yurtlar kamp\u00fcs i\u00e7erisinde olup sempozyumun d\u00fczenlenece\u011fi binaya y\u00fcr\u00fcme mesafesindedir.<\/span><\/span><\/strong><\/p>\n<ul>\n<li><strong><span style=\"color: #800000;\">\u00a0 \u00a0 \u00a0 \u00a0 \u00a0Ki\u015fi ba\u015f\u0131 konaklama \u00fccreti g\u00fcnl\u00fck 35 TL &#8216;dir.<\/span><\/strong><\/li>\n<\/ul>\n<\/td>\n<\/tr>\n<\/tbody>\n<\/table>\n<table width=\"293\">\n<tbody>\n<tr>\n<td rowspan=\"2\" width=\"75\"><a href=\"http:\/\/konakmazlum.com\/\"><img loading=\"lazy\" decoding=\"async\" class=\"alignnone size-full wp-image-1535\" src=\"http:\/\/17geosem.ebyu.edu.tr\/wp-content\/uploads\/2019\/01\/konak-mazlum.jpg\" alt=\"\" width=\"2250\" height=\"1307\" \/><\/a><\/td>\n<td colspan=\"3\" width=\"212\">\n<p style=\"text-align: left;\"><span style=\"color: #0000ff;\"><strong>\u00a0 \u00a0 \u00a0 \u00a0 \u00a0 \u00a0 \u00a0\u00a0<a style=\"color: #0000ff;\" href=\"http:\/\/konakmazlum.com\/\">KONAK MAZLUM<\/a><\/strong><\/span><\/p>\n<\/td>\n<\/tr>\n<tr>\n<td width=\"64\">\n<p style=\"text-align: center;\"><span style=\"color: #000000;\"><strong>SINGLE ROOM<\/strong><\/span><\/p>\n<p style=\"text-align: center;\"><span style=\"color: #0000ff;\"><strong>115 \u20ba<\/strong><\/span><\/p>\n<\/td>\n<td width=\"71\">\n<p style=\"text-align: center;\"><span style=\"color: #000000;\"><strong>DOUBLE ROOM<\/strong><\/span><\/p>\n<p style=\"text-align: center;\"><span style=\"color: #0000ff;\"><strong>180 \u20ba<\/strong><\/span><\/p>\n<\/td>\n<td width=\"73\">\n<p style=\"text-align: center;\"><span style=\"color: #000000;\"><strong>TRIPPLE ROOM<\/strong><\/span><\/p>\n<p style=\"text-align: center;\"><span style=\"color: #0000ff;\"><strong>210 \u20ba<\/strong><\/span><\/p>\n<\/td>\n<\/tr>\n<\/tbody>\n<\/table>\n<table style=\"height: 156px;\" width=\"1060\">\n<tbody>\n<tr>\n<td rowspan=\"2\" width=\"75\"><strong><a href=\"http:\/\/www.simayhotel.com\/index.html\"><img loading=\"lazy\" decoding=\"async\" class=\"wp-image-1534 alignnone\" src=\"http:\/\/17geosem.ebyu.edu.tr\/wp-content\/uploads\/2019\/01\/grand-simay.jpg\" alt=\"\" width=\"343\" height=\"180\" \/><\/a><\/strong><\/td>\n<td colspan=\"3\" width=\"212\">\n<p style=\"text-align: left;\"><span style=\"color: #0000ff;\"><strong>\u00a0 \u00a0 \u00a0 \u00a0 \u00a0 \u00a0 \u00a0\u00a0<span style=\"color: #000000;\"><a style=\"color: #0000ff;\" href=\"http:\/\/www.simayhotel.com\/index.html\">GRAND S\u0130MAY HOTEL<\/a><\/span><\/strong><\/span><\/p>\n<\/td>\n<\/tr>\n<tr>\n<td width=\"64\">\n<p style=\"text-align: center;\"><span style=\"color: #000000;\"><strong>SINGLE ROOM<\/strong><\/span><\/p>\n<p style=\"text-align: center;\"><span style=\"color: #0000ff;\"><strong>130 \u20ba<\/strong><\/span><\/p>\n<\/td>\n<td width=\"71\">\n<p style=\"text-align: center;\"><span style=\"color: #000000;\"><strong>DOUBLE ROOM<\/strong><\/span><\/p>\n<p style=\"text-align: center;\"><span style=\"color: #0000ff;\"><strong>190 \u20ba<\/strong><\/span><\/p>\n<\/td>\n<td width=\"73\">\n<p style=\"text-align: center;\"><span style=\"color: #000000;\"><strong>TRIPPLE ROOM<\/strong><\/span><\/p>\n<p style=\"text-align: center;\"><span style=\"color: #0000ff;\"><strong>240 \u20ba<\/strong><\/span><\/p>\n<\/td>\n<\/tr>\n<\/tbody>\n<\/table>\n<table style=\"height: 156px;\" width=\"1060\">\n<tbody>\n<tr>\n<td rowspan=\"2\" width=\"75\"><a href=\"http:\/\/bahashotel.com\/\"><img loading=\"lazy\" decoding=\"async\" class=\"alignnone size-full wp-image-1798\" src=\"http:\/\/17geosem.ebyu.edu.tr\/wp-content\/uploads\/2019\/02\/bahas.jpg\" alt=\"\" width=\"800\" height=\"415\" \/><\/a><\/td>\n<td colspan=\"3\" width=\"212\">\u00a0<span style=\"color: #0000ff;\"><strong>\u00a0 \u00a0 \u00a0 \u00a0 \u00a0 \u00a0 \u00a0\u00a0<span style=\"color: #000000;\"><a style=\"color: #0000ff;\" href=\"http:\/\/bahashotel.com\/\">BAHA\u015e HOTEL<\/a><\/span><\/strong><\/span><\/td>\n<\/tr>\n<tr>\n<td width=\"64\">\n<p style=\"text-align: center;\"><span style=\"color: #000000;\"><strong>SINGLE ROOM<\/strong><\/span><\/p>\n<p style=\"text-align: center;\"><span style=\"color: #0000ff;\"><strong>70 \u20ba<\/strong><\/span><\/p>\n<\/td>\n<td width=\"71\">\n<p style=\"text-align: center;\"><span style=\"color: #000000;\"><strong>DOUBLE ROOM<\/strong><\/span><\/p>\n<p style=\"text-align: center;\"><span style=\"color: #0000ff;\"><strong>120 \u20ba<\/strong><\/span><\/p>\n<\/td>\n<td width=\"73\">\n<p style=\"text-align: center;\"><span style=\"color: #000000;\"><strong>TRIPPLE ROOM<\/strong><\/span><\/p>\n<p style=\"text-align: center;\"><span style=\"color: #0000ff;\"><strong>150 \u20ba<\/strong><\/span><\/p>\n<\/td>\n<\/tr>\n<\/tbody>\n<\/table>\n<table style=\"height: 156px;\" width=\"1060\">\n<tbody>\n<tr>\n<td rowspan=\"2\" width=\"75\"><a href=\"http:\/\/www.hotelgulistan.com\/index.asp\"><img loading=\"lazy\" decoding=\"async\" class=\"alignleft wp-image-2209\" src=\"http:\/\/17geosem.ebyu.edu.tr\/wp-content\/uploads\/2019\/06\/gulistan-resort-hotel-erzincan-entrance_90271-4-300x216.jpg\" alt=\"\" width=\"251\" height=\"181\" srcset=\"https:\/\/17geosem.ebyu.edu.tr\/wp-content\/uploads\/2019\/06\/gulistan-resort-hotel-erzincan-entrance_90271-4-300x216.jpg 300w, https:\/\/17geosem.ebyu.edu.tr\/wp-content\/uploads\/2019\/06\/gulistan-resort-hotel-erzincan-entrance_90271-4-768x553.jpg 768w, https:\/\/17geosem.ebyu.edu.tr\/wp-content\/uploads\/2019\/06\/gulistan-resort-hotel-erzincan-entrance_90271-4.jpg 850w\" sizes=\"auto, (max-width: 251px) 100vw, 251px\" \/><\/a><\/td>\n<td colspan=\"3\" width=\"212\">\u00a0 \u00a0 \u00a0\u00a0<span style=\"color: #0000ff;\"><strong>\u00a0<span style=\"color: #000000;\"><a style=\"color: #0000ff;\" href=\"http:\/\/www.hotelgulistan.com\/index.asp\">G\u00dcL\u0130STAN RESORT HOTEL<\/a><\/span><\/strong><\/span><\/td>\n<\/tr>\n<tr>\n<td width=\"64\"><\/td>\n<td width=\"71\"><\/td>\n<td width=\"73\"><\/td>\n<\/tr>\n<\/tbody>\n<\/table>\n<p><span style=\"color: #000000;\"><strong><span style=\"color: #0000ff;\">**<\/span>Fiyatlar <span style=\"color: #0000ff;\">bir gecelik oda + kahvalt\u0131 + KDV dahil<\/span> fiyatlard\u0131r. \u00c7ocuklar i\u00e7in 0-6 ya\u015f \u00fccretsiz, 7-12 ya\u015f %50 indirimli ve 13 ya\u015f veya \u00fczeri tam \u00fccrete tabidir.<\/strong><\/span><\/p>\n<p><span style=\"color: #000000;\"><strong>Konaklama i\u015flemleri i\u00e7in rezervasyonlar bildirisi kabul edilen kat\u0131l\u0131mc\u0131lar i\u00e7in taraf\u0131m\u0131zdan yap\u0131lacakt\u0131r. Bildiriniz kabul edildikten sonra e\u011fer konaklama talep ederseniz, a\u015fa\u011f\u0131daki formu doldurup<\/strong>\u00a0<span style=\"color: #0000ff;\"><strong><a style=\"color: #0000ff;\" href=\"mailto:17geosem@erzincan.edu.tr\">17geosem@erzincan.edu.tr<\/a><\/strong><\/span>\u00a0<strong>adresine mail at\u0131n\u0131z.<\/strong><\/span><\/p>\n<p><span style=\"color: #000000;\"><strong>Konaklama formunda ayn\u0131 odada birlikte kalmak istedi\u011finiz di\u011fer kat\u0131l\u0131mc\u0131lar\u0131 se\u00e7ebilece\u011finiz bir b\u00f6l\u00fcm mevcuttur. E\u011fer aile bireylerinizle kalacaksan\u0131z ayn\u0131 b\u00f6l\u00fcmde bunu da belirtebilirsiniz.<\/strong><\/span><\/p>\n<p><span style=\"color: #000000;\"><strong>Dinleyici olarak kat\u0131lacak kat\u0131l\u0131mc\u0131lar formu doldurup dinleyici olarak kat\u0131ld\u0131klar\u0131n\u0131 belirttikleri takdirde yine konaklama i\u015flemleri i\u00e7in rezervasyonlar taraf\u0131m\u0131zdan yap\u0131lacakt\u0131r.<\/strong><\/span><\/p>\n<p><span style=\"color: #000000;\"><strong><span style=\"color: #0000ff;\">***<\/span>\u00d6demeler konaklama s\u0131ras\u0131nda otele yap\u0131lacakt\u0131r.<\/strong><\/span><\/p>\n<table>\n<tbody>\n<tr>\n<td width=\"56\"><span style=\"color: #000000;\"><strong><u>Konaklama Formu<\/u> :<\/strong><\/span><\/td>\n<td width=\"548\"><a href=\"http:\/\/17geosem.ebyu.edu.tr\/wp-content\/uploads\/2019\/04\/AccommodationForm_17GEOSEM.docx\"><span style=\"color: #0000ff;\"><strong>KONAKLAMA FORMU \u2013 17GEOSEM<\/strong><\/span><\/a><\/td>\n<\/tr>\n<\/tbody>\n<\/table>\n","protected":false},"excerpt":{"rendered":"<p>KRED\u0130 ve YURTLAR KURUMU Yurtlar kamp\u00fcs i\u00e7erisinde olup sempozyumun d\u00fczenlenece\u011fi binaya y\u00fcr\u00fcme mesafesindedir. \u00a0 \u00a0 \u00a0 \u00a0 \u00a0Ki\u015fi ba\u015f\u0131 konaklama \u00fccreti g\u00fcnl\u00fck 35 TL &#8216;dir. \u00a0 \u00a0 \u00a0 \u00a0 \u00a0 \u00a0 \u00a0\u00a0KONAK MAZLUM SINGLE ROOM 115 \u20ba DOUBLE ROOM 180 \u20ba TRIPPLE ROOM 210 \u20ba \u00a0 \u00a0 \u00a0 \u00a0 \u00a0 \u00a0 \u00a0\u00a0GRAND S\u0130MAY HOTEL SINGLE&hellip; <br \/> <a class=\"read-more\" href=\"https:\/\/17geosem.ebyu.edu.tr\/?page_id=490\">Devam\u0131<\/a><\/p>\n","protected":false},"author":4,"featured_media":0,"parent":0,"menu_order":0,"comment_status":"closed","ping_status":"closed","template":"","meta":{"footnotes":""},"class_list":["post-490","page","type-page","status-publish","hentry"],"_links":{"self":[{"href":"https:\/\/17geosem.ebyu.edu.tr\/index.php?rest_route=\/wp\/v2\/pages\/490","targetHints":{"allow":["GET"]}}],"collection":[{"href":"https:\/\/17geosem.ebyu.edu.tr\/index.php?rest_route=\/wp\/v2\/pages"}],"about":[{"href":"https:\/\/17geosem.ebyu.edu.tr\/index.php?rest_route=\/wp\/v2\/types\/page"}],"author":[{"embeddable":true,"href":"https:\/\/17geosem.ebyu.edu.tr\/index.php?rest_route=\/wp\/v2\/users\/4"}],"replies":[{"embeddable":true,"href":"https:\/\/17geosem.ebyu.edu.tr\/index.php?rest_route=%2Fwp%2Fv2%2Fcomments&post=490"}],"version-history":[{"count":63,"href":"https:\/\/17geosem.ebyu.edu.tr\/index.php?rest_route=\/wp\/v2\/pages\/490\/revisions"}],"predecessor-version":[{"id":2219,"href":"https:\/\/17geosem.ebyu.edu.tr\/index.php?rest_route=\/wp\/v2\/pages\/490\/revisions\/2219"}],"wp:attachment":[{"href":"https:\/\/17geosem.ebyu.edu.tr\/index.php?rest_route=%2Fwp%2Fv2%2Fmedia&parent=490"}],"curies":[{"name":"wp","href":"https:\/\/api.w.org\/{rel}","templated":true}]}}