{"id":483,"date":"2018-12-04T22:34:23","date_gmt":"2018-12-04T19:34:23","guid":{"rendered":"http:\/\/17geosem.ebyu.edu.tr\/?page_id=483"},"modified":"2019-05-09T14:54:49","modified_gmt":"2019-05-09T11:54:49","slug":"kayit","status":"publish","type":"page","link":"https:\/\/17geosem.ebyu.edu.tr\/?page_id=483","title":{"rendered":"KAYIT"},"content":{"rendered":"<p><span style=\"color: #0000ff;\"><strong><u>KATILIM \u00dcCRETLER\u0130<\/u><\/strong><\/span><\/p>\n<table>\n<tbody>\n<tr>\n<td width=\"96\"><\/td>\n<td width=\"96\"><span style=\"color: #000000;\"><strong><u>Kat\u0131l\u0131mc\u0131<\/u><\/strong><\/span><\/td>\n<td width=\"96\"><span style=\"color: #000000;\"><strong><u>\u00d6\u011frenci<\/u><\/strong><\/span><\/td>\n<td width=\"96\"><span style=\"color: #000000;\"><strong><u>Misafir<\/u><\/strong><\/span><\/td>\n<\/tr>\n<tr>\n<td width=\"96\"><span style=\"color: #000000;\"><strong><u>Kay\u0131t \u00dccreti<\/u><\/strong><\/span><\/td>\n<td width=\"96\"><span style=\"color: #0000ff;\"><strong>\u00a0400 TL<\/strong><\/span><\/td>\n<td width=\"96\"><span style=\"color: #0000ff;\"><strong>\u00a0300 TL<\/strong><\/span><\/td>\n<td width=\"96\"><span style=\"color: #0000ff;\"><strong>\u00a0200 TL<\/strong><\/span><\/td>\n<\/tr>\n<\/tbody>\n<\/table>\n<p>&nbsp;<\/p>\n<ul>\n<li><span style=\"color: #000000;\"><strong>17. Uluslararas\u0131 Geometri Sempozyumuna g\u00f6nderilen bildiri \u00f6zetleri hakem a\u015famas\u0131ndan ge\u00e7mektedir. Kay\u0131t \u00fccreti bildiri \u00f6zeti kabul edildikten sonra yat\u0131r\u0131l\u0131r.<\/strong><\/span><\/li>\n<li><span style=\"color: #000000;\"><strong>Kay\u0131t \u00fccretini yat\u0131rmayan kat\u0131l\u0131mc\u0131lar\u0131n bildirileri kabul edilmi\u015f olsa bile sempozyum imkanlar\u0131ndan yararlanamazlar.<\/strong><\/span><\/li>\n<li><span style=\"color: #000000;\"><strong>Kat\u0131l\u0131m \u00fccretini yat\u0131ran ve sunumlar\u0131n\u0131 ger\u00e7ekle\u015ftiren ki\u015filere \u201c<span style=\"color: #000080;\">Kat\u0131l\u0131m Belgesi<\/span>\u201d verilecektir.<\/strong><\/span><\/li>\n<li><span style=\"color: #000000;\"><strong><span style=\"color: #000080;\">17 May\u0131s 2019<\/span> tarihine kadar kat\u0131l\u0131m\u0131n iptal edilmesi durumunda <span style=\"color: #000080;\">\u00fccret iadesi<\/span> yap\u0131lacakt\u0131r. Bu tarih ge\u00e7ti\u011fi taktirde herhangi bir iade s\u00f6z konusu olmayacakt\u0131r.<\/strong><\/span><\/li>\n<li><span style=\"color: #000000;\"><strong>Ortak yazarl\u0131 bildiriler i\u00e7in sempozyuma bizzat kat\u0131lacak her bir kat\u0131l\u0131mc\u0131n\u0131n kat\u0131l\u0131m \u00fccreti yat\u0131rmas\u0131 gerekmektedir.<\/strong><\/span><\/li>\n<li><span style=\"color: #000000;\"><strong>Sempozyuma kat\u0131lmayan veya iptal ettirmeyen kat\u0131l\u0131mc\u0131lar hak iddia edemezler.<\/strong><\/span><\/li>\n<\/ul>\n<p><span style=\"color: #000000;\"><strong><span style=\"color: #000080;\"><u>Kay\u0131t \u00fccreti<\/u><\/span>:\u00a0Bilimsel Toplant\u0131lara Kat\u0131l\u0131m, Sempozyum \u00c7antas\u0131, Bas\u0131l\u0131 Materyaller (Yaka Kart\u0131, Kat\u0131l\u0131mc\u0131 Belgesi, Tan\u0131t\u0131m Kitap\u00e7\u0131\u011f\u0131), Sempozyum Program\u0131, G\u00fcn Boyu \u0130kramlar, \u00d6zet Bildirilerin Yer Alaca\u011f\u0131 E-kitap (Sempozyum sonras\u0131 internet sitesinden ilan edilecektir), \u00d6\u011fle Yemekleri, Ak\u015fam Yemekleri ve Gala Yeme\u011fi kay\u0131t \u00fccretine dahildir.<\/strong><\/span><\/p>\n<p><span style=\"color: #000000;\"><strong><span style=\"color: #000080;\"><u>Misafir<\/u><\/span>:\u00a0Kat\u0131l\u0131mc\u0131lar\u0131n beraberinde getirecekleri her bir misafir (e\u015f, \u00e7ocuk(13 ya\u015f ve \u00fczeri), anne, \u2026) i\u00e7in <span style=\"color: #000080;\">200 TL<\/span> \u00fccret \u00f6demeleri gerekmektedir.<\/strong><\/span><\/p>\n<p><span style=\"color: #000000;\"><strong><span style=\"color: #000080;\"><u>\u00d6\u011frenci<\/u><\/span>:\u00a0\u00d6\u011frenci (Lisans, Y\u00fcksek Lisans veya Doktora \u00f6\u011frencisi olup herhangi bir kurumda \u00e7al\u0131\u015fmayan ki\u015filer) olarak kay\u0131t yapt\u0131ran kat\u0131l\u0131mc\u0131lar\u0131m\u0131z\u0131n sempozyum kay\u0131t masalar\u0131nda \u00f6\u011frenci belgelerini ibraz etmeleri gerekmektedir.<\/strong><\/span><\/p>\n<p><span style=\"color: #000000;\"><strong><span style=\"color: #000080;\"><u>Dinleyici<\/u><\/span>:\u00a0Bildiri sunmadan sadece dinleyici olarak kat\u0131lmak isteyen kat\u0131l\u0131mc\u0131lar <span style=\"color: #0000ff;\">\u00a0400 TL<\/span>\u00a0olan kat\u0131l\u0131mc\u0131 \u00fccretini \u00f6derler. Dinleyicilere de \u201c<span style=\"color: #000080;\">Dinleyici<\/span>\u201d olarak kat\u0131ld\u0131klar\u0131n\u0131 g\u00f6steren belge verilecektir.<\/strong><\/span><\/p>\n<p><span style=\"color: #0000ff;\"><strong><u>BANKA B\u0130LG\u0130LER\u0130<\/u><\/strong><\/span><\/p>\n<table>\n<tbody>\n<tr>\n<td width=\"37\"><span style=\"color: #0000ff;\"><strong><u>BANKA ADI<\/u> :<\/strong><\/span><\/td>\n<td width=\"567\"><span style=\"color: #000000;\"><strong>GARANT\u0130 BANKASI<\/strong><\/span><\/td>\n<\/tr>\n<tr>\n<td width=\"37\"><span style=\"color: #0000ff;\"><strong><u>\u015eUBE ADI<\/u> :<\/strong><\/span><\/td>\n<td width=\"567\"><span style=\"color: #000000;\"><strong>ERZ\u0130NCAN \u015eUBES\u0130 (733)<\/strong><\/span><\/td>\n<\/tr>\n<tr>\n<td width=\"37\"><span style=\"color: #0000ff;\"><strong><u>HESAP ADI<\/u> :<\/strong><\/span><\/td>\n<td width=\"567\"><span style=\"color: #000000;\"><strong>\u00d6ZEL \u0130LKHEDEF E\u011e\u0130T\u0130M H\u0130ZMETLER\u0130 T\u0130CARET L\u0130M\u0130TED \u015e\u0130RKET\u0130<\/strong><\/span><\/td>\n<\/tr>\n<tr>\n<td width=\"37\"><span style=\"color: #0000ff;\"><strong><u>HESAP NUMARASI<\/u> :<\/strong><\/span><\/td>\n<td width=\"567\"><span style=\"color: #000000;\"><strong>6295636<\/strong><\/span><\/td>\n<\/tr>\n<tr>\n<td width=\"37\"><span style=\"color: #0000ff;\"><strong><u>IBAN<\/u> :<\/strong><\/span><\/td>\n<td width=\"567\"><span style=\"color: #000000;\"><strong>TR 98 0006 2000 7330 0006 2956 36<\/strong><\/span><\/td>\n<\/tr>\n<\/tbody>\n<\/table>\n<table>\n<tbody>\n<tr>\n<td width=\"47\"><span style=\"color: #0000ff;\"><strong><u>NOT:<\/u><\/strong><\/span><\/td>\n<td width=\"557\"><span style=\"color: #000000;\"><strong><span style=\"color: #0000ff;\">1.<\/span>\u00a0A\u00e7\u0131klama k\u0131sm\u0131na 17. Uluslararas\u0131 Geometri Sempozyumu yaz\u0131lmal\u0131d\u0131r.<\/strong><\/span><\/td>\n<\/tr>\n<tr>\n<td width=\"47\"><\/td>\n<td width=\"557\"><strong><span style=\"color: #000000;\"><span style=\"color: #0000ff;\">2.<\/span> Banka dekontunun bir kopyas\u0131 <strong style=\"color: #000000; background-color: transparent;\"><span style=\"color: #0000ff;\"><a style=\"color: #0000ff;\" href=\"mailto:17geosem@erzincan.edu.tr\">17geosem@erzincan.edu.tr<\/a><\/span><\/strong>\u00a0<\/span><\/strong><strong><span style=\"color: #000000;\">mail adresine g\u00f6nderilmelidir.<\/span><\/strong><\/td>\n<\/tr>\n<\/tbody>\n<\/table>\n<p><span style=\"color: #0000ff;\"><strong><u>\u00d6ZET B\u0130LD\u0130R\u0130 G\u00d6NDER\u0130M\u0130<\/u><\/strong><\/span><\/p>\n<p><strong style=\"color: #000000; background-color: transparent;\">\u00a0 17. Uluslararas\u0131 Geometri Sempozyumuna sunum ile ya da dinleyici olarak kat\u0131lmak i\u00e7in \u00f6ncelikle a\u015fa\u011f\u0131da verilen <em><span style=\"color: #000080;\">Ba\u015fvuru formunun<\/span><\/em>\u00a0doldurulmas\u0131 gerekmektedir. Ayr\u0131ca s\u00f6zl\u00fc sunumlar ve poster sunumlar i\u00e7in bildiri \u00f6zetlerinin \u0130ngilizce olarak a\u015fa\u011f\u0131da verilen <em>\u00d6zet Bildiri Format\u0131&#8217;na<\/em> g\u00f6re d\u00fczenlenmesi gerekmektedir. Daha sonra <em><span style=\"color: #000080;\">Ba\u015fvuru formunu<\/span><\/em> ve <em><span style=\"color: #000080;\">Bildiri \u00f6zetini<\/span><\/em>\u00a0\u00a0<span style=\"color: #0000ff;\"><a style=\"color: #0000ff;\" href=\"mailto:17geosem@erzincan.edu.tr\">17geosem@erzincan.edu.tr<\/a><\/span> adresine g\u00f6nderiniz.<\/strong><\/p>\n<p><strong style=\"color: #000000; background-color: transparent;\">\u00a0 17. Uluslararas\u0131 Geometri Sempozyumuna g\u00f6nderilen \u00f6zet bildiriler hakem a\u015famas\u0131ndan ge\u00e7mektedir. \u00d6zet bildiriniz Bilim Kurulunda bulunan rastgele iki hakeme g\u00f6nderilir ve hakem raporlar\u0131n\u0131n olumlu olmas\u0131 durumunda bildiriniz kabul edilir. Hakem raporlar\u0131n\u0131n olumsuz olmas\u0131 durumunda \u00f6zet bildiriniz kabul edilmeyecektir. Bildiri \u00f6zetiniz kabul edildi\u011fi taktirde size bir bilgilendirme maili gelecektir. Sempozyum kay\u0131t \u00fccretinin bildiri \u00f6zetleriniz kabul edildikten sonra yat\u0131r\u0131lmas\u0131 gerekmektedir. Sempozyum \u00fccreti yat\u0131r\u0131ld\u0131ktan sonra dekontunuzu <span style=\"color: #0000ff;\"><a style=\"color: #0000ff;\" href=\"mailto:17geosem@erzincan.edu.tr\">17geosem@erzincan.edu.tr<\/a><\/span> mail adresine g\u00f6nderiniz. Sonras\u0131nda sempozyum davet mektubu taraf\u0131n\u0131za g\u00f6nderilecektir.<\/strong><\/p>\n<p><span style=\"color: #000000;\"><strong>\u00a0 **E\u011fer sadece dinleyici olarak kat\u0131lacaksan\u0131z, <\/strong><\/span><em><span style=\"color: #000080;\"><strong>ba\u015fvuru formunu<\/strong><\/span><\/em><span style=\"color: #000000;\"><strong> ve <\/strong><\/span><em><span style=\"color: #000080;\"><strong>kat\u0131l\u0131m \u00fccreti dekontunu<\/strong><\/span><\/em><span style=\"color: #000000;\"><strong>\u00a0<span style=\"color: #0000ff;\"><a style=\"color: #0000ff;\" href=\"mailto:17geosem@erzincan.edu.tr\">17geosem@erzincan.edu.tr<\/a><\/span>\u00a0mail adresine g\u00f6nderiniz.<\/strong><\/span><\/p>\n<p><span style=\"color: #000000;\"><strong>\u00a0 S\u00f6zl\u00fc sunumlar \u0130ngilizce veya T\u00fcrk\u00e7e olarak yap\u0131labilir. Posterler a\u015fa\u011f\u0131da verilen\u00a0<span style=\"color: #000080;\"><em>Poster Format\u0131<\/em><\/span><em>\u00a0<\/em>\u2018na g\u00f6re <em><span style=\"color: #000080;\">70&#215;100 cm<\/span><\/em> boyutlar\u0131nda haz\u0131rlan\u0131p, sempozyum program\u0131nda belirtilen yer ve saatte as\u0131lacakt\u0131r. Yazarlardan en az birinin poster ba\u015f\u0131nda bulunmas\u0131 gerekmektedir.<\/strong><\/span><\/p>\n<table>\n<tbody>\n<tr>\n<td width=\"132\"><strong>\u00a0<span style=\"color: #000000;\"><u>Ba\u015fvuru Formu\u00a0<\/u>:<\/span><\/strong><\/td>\n<td width=\"472\"><strong><span style=\"color: #0000ff;\"><a style=\"color: #0000ff;\" href=\"http:\/\/17geosem.ebyu.edu.tr\/wp-content\/uploads\/2019\/01\/BA\u015eVURU-FORMU.docx\">BA\u015eVURU FORMU &#8211; 17GEOSEM<\/a><\/span><\/strong><\/td>\n<\/tr>\n<tr>\n<td width=\"132\"><strong><span style=\"color: #000000;\"><u>\u00d6zet Bildiri Format\u0131<\/u>\u00a0:<\/span><\/strong><\/td>\n<td width=\"472\"><strong><span style=\"color: #0000ff;\"><a style=\"color: #0000ff;\" href=\"http:\/\/17geosem.ebyu.edu.tr\/wp-content\/uploads\/2019\/01\/Abstract_Template_17GEOSEM.docx\">\u00d6ZET B\u0130LD\u0130R\u0130 FORMATI &#8211; 17GEOSEM<\/a><\/span><\/strong><\/td>\n<\/tr>\n<tr>\n<td width=\"132\"><strong><span style=\"color: #000000;\"><u>Poster Format\u0131\u00a0<\/u>:<\/span><\/strong><\/td>\n<td width=\"472\"><strong><a href=\"http:\/\/17geosem.ebyu.edu.tr\/wp-content\/uploads\/2019\/01\/Poster_Template_17GEOSEM.pptx\"><span style=\"color: #0000ff;\">POSTER FORMATI &#8211; 17GEOSEM<\/span><\/a><\/strong><\/td>\n<\/tr>\n<\/tbody>\n<\/table>\n","protected":false},"excerpt":{"rendered":"<p>KATILIM \u00dcCRETLER\u0130 Kat\u0131l\u0131mc\u0131 \u00d6\u011frenci Misafir Kay\u0131t \u00dccreti \u00a0400 TL \u00a0300 TL \u00a0200 TL &nbsp; 17. Uluslararas\u0131 Geometri Sempozyumuna g\u00f6nderilen bildiri \u00f6zetleri hakem a\u015famas\u0131ndan ge\u00e7mektedir. Kay\u0131t \u00fccreti bildiri \u00f6zeti kabul edildikten sonra yat\u0131r\u0131l\u0131r. Kay\u0131t \u00fccretini yat\u0131rmayan kat\u0131l\u0131mc\u0131lar\u0131n bildirileri kabul edilmi\u015f olsa bile sempozyum imkanlar\u0131ndan yararlanamazlar. Kat\u0131l\u0131m \u00fccretini yat\u0131ran ve sunumlar\u0131n\u0131 ger\u00e7ekle\u015ftiren ki\u015filere \u201cKat\u0131l\u0131m Belgesi\u201d verilecektir. 17&hellip; <br \/> <a class=\"read-more\" href=\"https:\/\/17geosem.ebyu.edu.tr\/?page_id=483\">Devam\u0131<\/a><\/p>\n","protected":false},"author":4,"featured_media":0,"parent":0,"menu_order":0,"comment_status":"closed","ping_status":"closed","template":"","meta":{"footnotes":""},"class_list":["post-483","page","type-page","status-publish","hentry"],"_links":{"self":[{"href":"https:\/\/17geosem.ebyu.edu.tr\/index.php?rest_route=\/wp\/v2\/pages\/483","targetHints":{"allow":["GET"]}}],"collection":[{"href":"https:\/\/17geosem.ebyu.edu.tr\/index.php?rest_route=\/wp\/v2\/pages"}],"about":[{"href":"https:\/\/17geosem.ebyu.edu.tr\/index.php?rest_route=\/wp\/v2\/types\/page"}],"author":[{"embeddable":true,"href":"https:\/\/17geosem.ebyu.edu.tr\/index.php?rest_route=\/wp\/v2\/users\/4"}],"replies":[{"embeddable":true,"href":"https:\/\/17geosem.ebyu.edu.tr\/index.php?rest_route=%2Fwp%2Fv2%2Fcomments&post=483"}],"version-history":[{"count":74,"href":"https:\/\/17geosem.ebyu.edu.tr\/index.php?rest_route=\/wp\/v2\/pages\/483\/revisions"}],"predecessor-version":[{"id":1978,"href":"https:\/\/17geosem.ebyu.edu.tr\/index.php?rest_route=\/wp\/v2\/pages\/483\/revisions\/1978"}],"wp:attachment":[{"href":"https:\/\/17geosem.ebyu.edu.tr\/index.php?rest_route=%2Fwp%2Fv2%2Fmedia&parent=483"}],"curies":[{"name":"wp","href":"https:\/\/api.w.org\/{rel}","templated":true}]}}