{"id":479,"date":"2018-12-04T22:33:21","date_gmt":"2018-12-04T19:33:21","guid":{"rendered":"http:\/\/17geosem.ebyu.edu.tr\/?page_id=479"},"modified":"2019-06-11T22:13:17","modified_gmt":"2019-06-11T19:13:17","slug":"onemli-tarihler","status":"publish","type":"page","link":"https:\/\/17geosem.ebyu.edu.tr\/?page_id=479","title":{"rendered":"\u00d6NEML\u0130 TAR\u0130HLER"},"content":{"rendered":"<p><span style=\"color: #000000;\">Sempozyum Tarihi:\u00a0<strong>19-22 Haziran 2019<\/strong><\/span><\/p>\n<p><span style=\"color: #000000;\">Kay\u0131t Ba\u015flang\u0131\u00e7 Tarihi:<strong>\u00a07 Ocak 2019<\/strong><\/span><\/p>\n<p><span style=\"color: #000000;\">Bildiri \u00d6zeti G\u00f6nderimi Ba\u015flang\u0131\u00e7 Tarihi:\u00a0<strong>7 Ocak 2019<\/strong><\/span><\/p>\n<p><span style=\"color: #000000;\">Bildiri \u00d6zeti G\u00f6nderimi Biti\u015f Tarihi:\u00a0<strong>17 May\u0131s 2019\u00a0<\/strong><span style=\"color: #ff0000;\"><strong> (<del>Ba\u015fvuru s\u00fcresi uzat\u0131lm\u0131\u015ft\u0131r. Biti\u015f tarihi: 24 May\u0131s 2019<\/del>)<\/strong><\/span><\/span><\/p>\n<p><span style=\"color: #000000;\">Kay\u0131t ve \u00d6deme Biti\u015f Tarihi:\u00a0<strong>24 May\u0131s 2019<\/strong><\/span><\/p>\n<p><span style=\"color: #000000;\">Kabul Edilen Bildiri \u00d6zetlerinin Son \u0130lan Tarihi:\u00a0<strong>31 May\u0131s 2019<\/strong><\/span><\/p>\n<p><span style=\"color: #000000;\">Sempozyum Program\u0131 \u0130lan Tarihi:<strong>\u00a011 Haziran 2019<\/strong><\/span><\/p>\n","protected":false},"excerpt":{"rendered":"<p>Sempozyum Tarihi:\u00a019-22 Haziran 2019 Kay\u0131t Ba\u015flang\u0131\u00e7 Tarihi:\u00a07 Ocak 2019 Bildiri \u00d6zeti G\u00f6nderimi Ba\u015flang\u0131\u00e7 Tarihi:\u00a07 Ocak 2019 Bildiri \u00d6zeti G\u00f6nderimi Biti\u015f Tarihi:\u00a017 May\u0131s 2019\u00a0 (Ba\u015fvuru s\u00fcresi uzat\u0131lm\u0131\u015ft\u0131r. Biti\u015f tarihi: 24 May\u0131s 2019) Kay\u0131t ve \u00d6deme Biti\u015f Tarihi:\u00a024 May\u0131s 2019 Kabul Edilen Bildiri \u00d6zetlerinin Son \u0130lan Tarihi:\u00a031 May\u0131s 2019 Sempozyum Program\u0131 \u0130lan Tarihi:\u00a011 Haziran 2019<\/p>\n","protected":false},"author":4,"featured_media":0,"parent":0,"menu_order":0,"comment_status":"closed","ping_status":"closed","template":"","meta":{"footnotes":""},"class_list":["post-479","page","type-page","status-publish","hentry"],"_links":{"self":[{"href":"https:\/\/17geosem.ebyu.edu.tr\/index.php?rest_route=\/wp\/v2\/pages\/479","targetHints":{"allow":["GET"]}}],"collection":[{"href":"https:\/\/17geosem.ebyu.edu.tr\/index.php?rest_route=\/wp\/v2\/pages"}],"about":[{"href":"https:\/\/17geosem.ebyu.edu.tr\/index.php?rest_route=\/wp\/v2\/types\/page"}],"author":[{"embeddable":true,"href":"https:\/\/17geosem.ebyu.edu.tr\/index.php?rest_route=\/wp\/v2\/users\/4"}],"replies":[{"embeddable":true,"href":"https:\/\/17geosem.ebyu.edu.tr\/index.php?rest_route=%2Fwp%2Fv2%2Fcomments&post=479"}],"version-history":[{"count":22,"href":"https:\/\/17geosem.ebyu.edu.tr\/index.php?rest_route=\/wp\/v2\/pages\/479\/revisions"}],"predecessor-version":[{"id":2177,"href":"https:\/\/17geosem.ebyu.edu.tr\/index.php?rest_route=\/wp\/v2\/pages\/479\/revisions\/2177"}],"wp:attachment":[{"href":"https:\/\/17geosem.ebyu.edu.tr\/index.php?rest_route=%2Fwp%2Fv2%2Fmedia&parent=479"}],"curies":[{"name":"wp","href":"https:\/\/api.w.org\/{rel}","templated":true}]}}