{"id":475,"date":"2018-12-04T22:31:56","date_gmt":"2018-12-04T19:31:56","guid":{"rendered":"http:\/\/17geosem.ebyu.edu.tr\/?page_id=475"},"modified":"2019-06-11T22:16:04","modified_gmt":"2019-06-11T19:16:04","slug":"sempozyum-programi","status":"publish","type":"page","link":"https:\/\/17geosem.ebyu.edu.tr\/?page_id=475","title":{"rendered":"PROGRAM"},"content":{"rendered":"<p><span style=\"color: #233cff;\"><strong><u>SEMPOZYUM PROGRAMI<\/u><\/strong><\/span><\/p>\n<p><span style=\"color: #000000;\"><strong>Sempozyum program\u0131 gelen taleplere\u00a0g\u00f6re haz\u0131rlanm\u0131\u015ft\u0131r. L\u00fctfen program ak\u0131\u015f\u0131 i\u00e7in de\u011fi\u015fiklik talebinde bulunmay\u0131n\u0131z. Anlay\u0131\u015f\u0131n\u0131z i\u00e7in te\u015fekk\u00fcr ederiz.<\/strong><\/span><\/p>\n<div id=\"primary\" class=\"content-area\"><main id=\"main\" class=\"site-main\" role=\"main\"><\/p>\n<article id=\"post-82\" class=\"post-82 page type-page status-publish hentry\">\n<div class=\"entry-content\"><span style=\"color: #ff0000;\"><strong><a style=\"color: #ff0000;\" href=\"http:\/\/17geosem.ebyu.edu.tr\/wp-content\/uploads\/2019\/06\/SYMPOSIUM-PROGRAMME.pdf\">Sempozyum program\u0131 i\u00e7in t\u0131klay\u0131n\u0131z.<\/a><\/strong><\/span><\/div>\n<hr \/>\n<\/article>\n<p><\/main><\/div>\n<p><span style=\"color: #233cff;\"><strong><u>SOSYAL PROGRAM<\/u><\/strong><\/span><\/p>\n<p><span style=\"color: #000000;\"><strong>Sempozyumun son g\u00fcn\u00fc olan 22 Haziran 2019 tarihinde gezi program\u0131 ger\u00e7ekle\u015ftirilecektir.<\/strong><\/span><\/p>\n<p><a href=\"http:\/\/www.kemaliye.gov.tr\/kurumlar\/kemaliye.gov.tr\/kemaliye-kent-rehberi-2007.pdf\"><span style=\"color: #0000ff;\"><strong>KEMAH-KEMAL\u0130YE<\/strong><\/span><\/a><\/p>\n\n\t\t<style type=\"text\/css\">\n\t\t\t#gallery-1 {\n\t\t\t\tmargin: auto;\n\t\t\t}\n\t\t\t#gallery-1 .gallery-item {\n\t\t\t\tfloat: left;\n\t\t\t\tmargin-top: 10px;\n\t\t\t\ttext-align: center;\n\t\t\t\twidth: 25%;\n\t\t\t}\n\t\t\t#gallery-1 img {\n\t\t\t\tborder: 2px solid #cfcfcf;\n\t\t\t}\n\t\t\t#gallery-1 .gallery-caption {\n\t\t\t\tmargin-left: 0;\n\t\t\t}\n\t\t\t\/* see gallery_shortcode() in wp-includes\/media.php *\/\n\t\t<\/style>\n\t\t<div id='gallery-1' class='gallery galleryid-475 gallery-columns-4 gallery-size-medium'><dl class='gallery-item'>\n\t\t\t<dt class='gallery-icon landscape'>\n\t\t\t\t<a href='https:\/\/17geosem.ebyu.edu.tr\/wp-content\/uploads\/2019\/03\/k2.png'><img loading=\"lazy\" decoding=\"async\" width=\"300\" height=\"169\" src=\"https:\/\/17geosem.ebyu.edu.tr\/wp-content\/uploads\/2019\/03\/k2.png\" class=\"attachment-medium size-medium\" alt=\"\" \/><\/a>\n\t\t\t<\/dt><\/dl><dl class='gallery-item'>\n\t\t\t<dt class='gallery-icon landscape'>\n\t\t\t\t<a href='https:\/\/17geosem.ebyu.edu.tr\/wp-content\/uploads\/2019\/03\/k1.png'><img loading=\"lazy\" decoding=\"async\" width=\"300\" height=\"169\" src=\"https:\/\/17geosem.ebyu.edu.tr\/wp-content\/uploads\/2019\/03\/k1.png\" class=\"attachment-medium size-medium\" alt=\"\" \/><\/a>\n\t\t\t<\/dt><\/dl><dl class='gallery-item'>\n\t\t\t<dt class='gallery-icon landscape'>\n\t\t\t\t<a href='https:\/\/17geosem.ebyu.edu.tr\/wp-content\/uploads\/2019\/03\/k4.png'><img loading=\"lazy\" decoding=\"async\" width=\"300\" height=\"169\" src=\"https:\/\/17geosem.ebyu.edu.tr\/wp-content\/uploads\/2019\/03\/k4.png\" class=\"attachment-medium size-medium\" alt=\"\" \/><\/a>\n\t\t\t<\/dt><\/dl><dl class='gallery-item'>\n\t\t\t<dt class='gallery-icon landscape'>\n\t\t\t\t<a href='https:\/\/17geosem.ebyu.edu.tr\/wp-content\/uploads\/2019\/03\/k3.png'><img loading=\"lazy\" decoding=\"async\" width=\"300\" height=\"169\" src=\"https:\/\/17geosem.ebyu.edu.tr\/wp-content\/uploads\/2019\/03\/k3.png\" class=\"attachment-medium size-medium\" alt=\"\" \/><\/a>\n\t\t\t<\/dt><\/dl><br style=\"clear: both\" \/><dl class='gallery-item'>\n\t\t\t<dt class='gallery-icon landscape'>\n\t\t\t\t<a href='https:\/\/17geosem.ebyu.edu.tr\/wp-content\/uploads\/2019\/02\/1-2.png'><img loading=\"lazy\" decoding=\"async\" width=\"300\" height=\"169\" src=\"https:\/\/17geosem.ebyu.edu.tr\/wp-content\/uploads\/2019\/02\/1-2.png\" class=\"attachment-medium size-medium\" alt=\"\" \/><\/a>\n\t\t\t<\/dt><\/dl><dl class='gallery-item'>\n\t\t\t<dt class='gallery-icon landscape'>\n\t\t\t\t<a href='https:\/\/17geosem.ebyu.edu.tr\/wp-content\/uploads\/2019\/02\/1-1.png'><img loading=\"lazy\" decoding=\"async\" width=\"300\" height=\"169\" src=\"https:\/\/17geosem.ebyu.edu.tr\/wp-content\/uploads\/2019\/02\/1-1.png\" class=\"attachment-medium size-medium\" alt=\"\" \/><\/a>\n\t\t\t<\/dt><\/dl><dl class='gallery-item'>\n\t\t\t<dt class='gallery-icon landscape'>\n\t\t\t\t<a href='https:\/\/17geosem.ebyu.edu.tr\/wp-content\/uploads\/2019\/02\/1-8.png'><img loading=\"lazy\" decoding=\"async\" width=\"300\" height=\"169\" src=\"https:\/\/17geosem.ebyu.edu.tr\/wp-content\/uploads\/2019\/02\/1-8.png\" class=\"attachment-medium size-medium\" alt=\"\" \/><\/a>\n\t\t\t<\/dt><\/dl><dl class='gallery-item'>\n\t\t\t<dt class='gallery-icon landscape'>\n\t\t\t\t<a href='https:\/\/17geosem.ebyu.edu.tr\/wp-content\/uploads\/2019\/02\/1-7.png'><img loading=\"lazy\" decoding=\"async\" width=\"300\" height=\"169\" src=\"https:\/\/17geosem.ebyu.edu.tr\/wp-content\/uploads\/2019\/02\/1-7.png\" class=\"attachment-medium size-medium\" alt=\"\" \/><\/a>\n\t\t\t<\/dt><\/dl><br style=\"clear: both\" \/><dl class='gallery-item'>\n\t\t\t<dt class='gallery-icon landscape'>\n\t\t\t\t<a href='https:\/\/17geosem.ebyu.edu.tr\/wp-content\/uploads\/2019\/02\/1-14.png'><img loading=\"lazy\" decoding=\"async\" width=\"300\" height=\"169\" src=\"https:\/\/17geosem.ebyu.edu.tr\/wp-content\/uploads\/2019\/02\/1-14.png\" class=\"attachment-medium size-medium\" alt=\"\" \/><\/a>\n\t\t\t<\/dt><\/dl><dl class='gallery-item'>\n\t\t\t<dt class='gallery-icon landscape'>\n\t\t\t\t<a href='https:\/\/17geosem.ebyu.edu.tr\/wp-content\/uploads\/2019\/02\/1-13.png'><img loading=\"lazy\" decoding=\"async\" width=\"300\" height=\"169\" src=\"https:\/\/17geosem.ebyu.edu.tr\/wp-content\/uploads\/2019\/02\/1-13.png\" class=\"attachment-medium size-medium\" alt=\"\" \/><\/a>\n\t\t\t<\/dt><\/dl><dl class='gallery-item'>\n\t\t\t<dt class='gallery-icon landscape'>\n\t\t\t\t<a href='https:\/\/17geosem.ebyu.edu.tr\/wp-content\/uploads\/2019\/02\/1-6.png'><img loading=\"lazy\" decoding=\"async\" width=\"300\" height=\"169\" src=\"https:\/\/17geosem.ebyu.edu.tr\/wp-content\/uploads\/2019\/02\/1-6.png\" class=\"attachment-medium size-medium\" alt=\"\" \/><\/a>\n\t\t\t<\/dt><\/dl><dl class='gallery-item'>\n\t\t\t<dt class='gallery-icon landscape'>\n\t\t\t\t<a href='https:\/\/17geosem.ebyu.edu.tr\/wp-content\/uploads\/2019\/02\/1-9.png'><img loading=\"lazy\" decoding=\"async\" width=\"300\" height=\"169\" src=\"https:\/\/17geosem.ebyu.edu.tr\/wp-content\/uploads\/2019\/02\/1-9.png\" class=\"attachment-medium size-medium\" alt=\"\" \/><\/a>\n\t\t\t<\/dt><\/dl><br style=\"clear: both\" \/><dl class='gallery-item'>\n\t\t\t<dt class='gallery-icon landscape'>\n\t\t\t\t<a href='https:\/\/17geosem.ebyu.edu.tr\/wp-content\/uploads\/2019\/02\/1-10.png'><img loading=\"lazy\" decoding=\"async\" width=\"300\" height=\"169\" src=\"https:\/\/17geosem.ebyu.edu.tr\/wp-content\/uploads\/2019\/02\/1-10.png\" class=\"attachment-medium size-medium\" alt=\"\" \/><\/a>\n\t\t\t<\/dt><\/dl><dl class='gallery-item'>\n\t\t\t<dt class='gallery-icon landscape'>\n\t\t\t\t<a href='https:\/\/17geosem.ebyu.edu.tr\/wp-content\/uploads\/2019\/02\/1-5.png'><img loading=\"lazy\" decoding=\"async\" width=\"300\" height=\"169\" src=\"https:\/\/17geosem.ebyu.edu.tr\/wp-content\/uploads\/2019\/02\/1-5.png\" class=\"attachment-medium size-medium\" alt=\"\" \/><\/a>\n\t\t\t<\/dt><\/dl><dl class='gallery-item'>\n\t\t\t<dt class='gallery-icon landscape'>\n\t\t\t\t<a href='https:\/\/17geosem.ebyu.edu.tr\/wp-content\/uploads\/2019\/02\/1-12.jpg'><img loading=\"lazy\" decoding=\"async\" width=\"300\" height=\"169\" src=\"https:\/\/17geosem.ebyu.edu.tr\/wp-content\/uploads\/2019\/02\/1-12.jpg\" class=\"attachment-medium size-medium\" alt=\"\" \/><\/a>\n\t\t\t<\/dt><\/dl><dl class='gallery-item'>\n\t\t\t<dt class='gallery-icon landscape'>\n\t\t\t\t<a href='https:\/\/17geosem.ebyu.edu.tr\/wp-content\/uploads\/2019\/02\/1-4.png'><img loading=\"lazy\" decoding=\"async\" width=\"300\" height=\"169\" src=\"https:\/\/17geosem.ebyu.edu.tr\/wp-content\/uploads\/2019\/02\/1-4.png\" class=\"attachment-medium size-medium\" alt=\"\" \/><\/a>\n\t\t\t<\/dt><\/dl><br style=\"clear: both\" \/>\n\t\t<\/div>\n\n","protected":false},"excerpt":{"rendered":"<p>SEMPOZYUM PROGRAMI Sempozyum program\u0131 gelen taleplere\u00a0g\u00f6re haz\u0131rlanm\u0131\u015ft\u0131r. L\u00fctfen program ak\u0131\u015f\u0131 i\u00e7in de\u011fi\u015fiklik talebinde bulunmay\u0131n\u0131z. Anlay\u0131\u015f\u0131n\u0131z i\u00e7in te\u015fekk\u00fcr ederiz. Sempozyum program\u0131 i\u00e7in t\u0131klay\u0131n\u0131z. SOSYAL PROGRAM Sempozyumun son g\u00fcn\u00fc olan 22 Haziran 2019 tarihinde gezi program\u0131 ger\u00e7ekle\u015ftirilecektir. KEMAH-KEMAL\u0130YE<\/p>\n","protected":false},"author":4,"featured_media":0,"parent":0,"menu_order":0,"comment_status":"closed","ping_status":"closed","template":"","meta":{"footnotes":""},"class_list":["post-475","page","type-page","status-publish","hentry"],"_links":{"self":[{"href":"https:\/\/17geosem.ebyu.edu.tr\/index.php?rest_route=\/wp\/v2\/pages\/475","targetHints":{"allow":["GET"]}}],"collection":[{"href":"https:\/\/17geosem.ebyu.edu.tr\/index.php?rest_route=\/wp\/v2\/pages"}],"about":[{"href":"https:\/\/17geosem.ebyu.edu.tr\/index.php?rest_route=\/wp\/v2\/types\/page"}],"author":[{"embeddable":true,"href":"https:\/\/17geosem.ebyu.edu.tr\/index.php?rest_route=\/wp\/v2\/users\/4"}],"replies":[{"embeddable":true,"href":"https:\/\/17geosem.ebyu.edu.tr\/index.php?rest_route=%2Fwp%2Fv2%2Fcomments&post=475"}],"version-history":[{"count":21,"href":"https:\/\/17geosem.ebyu.edu.tr\/index.php?rest_route=\/wp\/v2\/pages\/475\/revisions"}],"predecessor-version":[{"id":2178,"href":"https:\/\/17geosem.ebyu.edu.tr\/index.php?rest_route=\/wp\/v2\/pages\/475\/revisions\/2178"}],"wp:attachment":[{"href":"https:\/\/17geosem.ebyu.edu.tr\/index.php?rest_route=%2Fwp%2Fv2%2Fmedia&parent=475"}],"curies":[{"name":"wp","href":"https:\/\/api.w.org\/{rel}","templated":true}]}}