{"id":454,"date":"2018-12-04T21:55:54","date_gmt":"2018-12-04T18:55:54","guid":{"rendered":"http:\/\/17geosem.ebyu.edu.tr\/?page_id=454"},"modified":"2019-01-28T13:45:17","modified_gmt":"2019-01-28T10:45:17","slug":"iletisim","status":"publish","type":"page","link":"https:\/\/17geosem.ebyu.edu.tr\/?page_id=454","title":{"rendered":"\u0130LET\u0130\u015e\u0130M"},"content":{"rendered":"<p style=\"text-align: center;\"><span style=\"color: #000000;\"><strong>Erzincan Binali Y\u0131ld\u0131r\u0131m \u00dcniversitesi<\/strong><\/span><br \/>\n<span style=\"color: #000000;\"><strong>Fen Edebiyat Fak\u00fcltesi<\/strong><\/span><br \/>\n<span style=\"color: #000000;\"><strong>Matematik B\u00f6l\u00fcm\u00fc<\/strong><\/span><br \/>\n<span style=\"color: #000000;\"><strong>24000 Erzincan<\/strong><\/span><\/p>\n<p style=\"text-align: center;\"><span style=\"color: #000000;\"><strong>Telefon: +90 (446) 224 30 32<\/strong><\/span><\/p>\n<p style=\"text-align: center;\"><span style=\"color: #000000;\"><strong>Telefon: +90 (507) 207 84 21 (Dr. \u00d6\u011fr. \u00dcyesi T\u00fclay ER\u0130\u015e\u0130R)<\/strong><\/span><\/p>\n<p style=\"text-align: center;\"><span style=\"color: #000000;\"><strong>E-posta: <span style=\"color: #0000ff;\"><a style=\"color: #0000ff;\" href=\"mailto:17geosem@erzincan.edu.tr\">17geosem@erzincan.edu.tr<\/a><\/span><\/strong><\/span><\/p>\n","protected":false},"excerpt":{"rendered":"<p>Erzincan Binali Y\u0131ld\u0131r\u0131m \u00dcniversitesi Fen Edebiyat Fak\u00fcltesi Matematik B\u00f6l\u00fcm\u00fc 24000 Erzincan Telefon: +90 (446) 224 30 32 Telefon: +90 (507) 207 84 21 (Dr. \u00d6\u011fr. \u00dcyesi T\u00fclay ER\u0130\u015e\u0130R) E-posta: 17geosem@erzincan.edu.tr<\/p>\n","protected":false},"author":4,"featured_media":0,"parent":0,"menu_order":0,"comment_status":"closed","ping_status":"closed","template":"","meta":{"footnotes":""},"class_list":["post-454","page","type-page","status-publish","hentry"],"_links":{"self":[{"href":"https:\/\/17geosem.ebyu.edu.tr\/index.php?rest_route=\/wp\/v2\/pages\/454","targetHints":{"allow":["GET"]}}],"collection":[{"href":"https:\/\/17geosem.ebyu.edu.tr\/index.php?rest_route=\/wp\/v2\/pages"}],"about":[{"href":"https:\/\/17geosem.ebyu.edu.tr\/index.php?rest_route=\/wp\/v2\/types\/page"}],"author":[{"embeddable":true,"href":"https:\/\/17geosem.ebyu.edu.tr\/index.php?rest_route=\/wp\/v2\/users\/4"}],"replies":[{"embeddable":true,"href":"https:\/\/17geosem.ebyu.edu.tr\/index.php?rest_route=%2Fwp%2Fv2%2Fcomments&post=454"}],"version-history":[{"count":11,"href":"https:\/\/17geosem.ebyu.edu.tr\/index.php?rest_route=\/wp\/v2\/pages\/454\/revisions"}],"predecessor-version":[{"id":1582,"href":"https:\/\/17geosem.ebyu.edu.tr\/index.php?rest_route=\/wp\/v2\/pages\/454\/revisions\/1582"}],"wp:attachment":[{"href":"https:\/\/17geosem.ebyu.edu.tr\/index.php?rest_route=%2Fwp%2Fv2%2Fmedia&parent=454"}],"curies":[{"name":"wp","href":"https:\/\/api.w.org\/{rel}","templated":true}]}}