{"id":440,"date":"2018-12-04T21:44:29","date_gmt":"2018-12-04T18:44:29","guid":{"rendered":"http:\/\/17geosem.ebyu.edu.tr\/?page_id=440"},"modified":"2019-05-27T19:05:42","modified_gmt":"2019-05-27T16:05:42","slug":"davetli-konusmacilar","status":"publish","type":"page","link":"https:\/\/17geosem.ebyu.edu.tr\/?page_id=440","title":{"rendered":"DAVETL\u0130 KONU\u015eMACILAR"},"content":{"rendered":"<table>\n<tbody>\n<tr>\n<td width=\"75\"><a href=\"http:\/\/cv.ankara.edu.tr\/kisi.php?id=yayli@science.ankara.edu.tr&amp;deger=1\"><img loading=\"lazy\" decoding=\"async\" class=\"wp-image-1484 alignright\" src=\"http:\/\/17geosem.ebyu.edu.tr\/wp-content\/uploads\/2019\/01\/yusufyayl\u0131.jpg\" alt=\"\" width=\"142\" height=\"162\" \/><\/a><\/td>\n<td width=\"529\">&nbsp;<\/p>\n<p style=\"text-align: left;\"><span style=\"color: #0000ff;\"><strong>&#8221;Rotation Minimizing Vector Fields and Applications&#8221;<\/strong><\/span><\/p>\n<p style=\"text-align: left;\"><strong><span style=\"color: #000000;\">Prof. Dr. Yusuf YAYLI, Ankara \u00dcniversitesi, T\u00dcRK\u0130YE<\/span><\/strong><\/p>\n<\/td>\n<\/tr>\n<\/tbody>\n<\/table>\n<table>\n<tbody>\n<tr>\n<td width=\"75\"><a href=\"https:\/\/www.math.uaic.ro\/~munteanu\/\"><img loading=\"lazy\" decoding=\"async\" class=\"wp-image-1489 alignright\" src=\"http:\/\/17geosem.ebyu.edu.tr\/wp-content\/uploads\/2019\/01\/m_\u0131-munteanu.png\" alt=\"\" width=\"143\" height=\"181\" \/><\/a><\/td>\n<td width=\"529\">&nbsp;<\/p>\n<p style=\"text-align: left;\"><span style=\"color: #0000ff;\"><strong>&#8221;<b>Magnetic Curves and Generalizations<\/b>&#8221;<\/strong><\/span><\/p>\n<p style=\"text-align: left;\"><strong><span style=\"color: #000000;\">\u00a0Prof. Dr. <b>Marian Ioan MUNTEANU<\/b>, Alexandru Ioan Cuza \u00dcniversitesi, ROMANYA<\/span><\/strong><\/p>\n<p>&nbsp;<\/td>\n<\/tr>\n<\/tbody>\n<\/table>\n<table>\n<tbody>\n<tr>\n<td width=\"75\"><a href=\"http:\/\/mechmath.bsu.edu.az\/en\/content\/arif_salimov\"><img loading=\"lazy\" decoding=\"async\" class=\"wp-image-1480 alignright\" src=\"http:\/\/17geosem.ebyu.edu.tr\/wp-content\/uploads\/2019\/01\/Arif-S\u0259limov.jpg\" alt=\"\" width=\"144\" height=\"179\" \/><\/a><\/td>\n<td width=\"529\">&nbsp;<\/p>\n<p style=\"text-align: left;\"><strong><span style=\"color: #0000ff;\">\u201cHolomorphic Manifolds Over Algebras and Their Applications\u201d<\/span><\/strong><\/p>\n<p style=\"text-align: left;\"><strong><span style=\"color: #000000;\">\u00a0Prof. Dr. Arif SALIMOV, Bak\u00fc Devlet \u00dcniversitesi, AZERBAYCAN<\/span><\/strong><\/p>\n<\/td>\n<\/tr>\n<\/tbody>\n<\/table>\n<table>\n<tbody>\n<tr>\n<td width=\"75\"><a href=\"http:\/\/arslan.home.uludag.edu.tr\"><img loading=\"lazy\" decoding=\"async\" class=\" wp-image-1509 alignright\" src=\"http:\/\/17geosem.ebyu.edu.tr\/wp-content\/uploads\/2019\/01\/kadri-arslan-2.jpg\" alt=\"\" width=\"145\" height=\"190\" \/><\/a><\/td>\n<td width=\"529\">&nbsp;<\/p>\n<p><span style=\"color: #0000ff;\"><strong>\u201cThe Ethical Principles for Scientific Research and Publications\u201d<\/strong><\/span><\/p>\n<p style=\"text-align: left;\"><strong><span style=\"color: #000000;\">Prof. Dr. Kadri ARSLAN, Bursa Uluda\u011f \u00dcniversitesi, T\u00dcRK\u0130YE<\/span><\/strong><\/p>\n<\/td>\n<\/tr>\n<\/tbody>\n<\/table>\n<table>\n<tbody>\n<tr>\n<td width=\"75\"><a href=\"http:\/\/math.etc.tuiasi.ro\/bejan\/\"><img loading=\"lazy\" decoding=\"async\" class=\"alignnone size-full wp-image-2012\" src=\"http:\/\/17geosem.ebyu.edu.tr\/wp-content\/uploads\/2019\/05\/bejans.jpg\" alt=\"\" width=\"346\" height=\"445\" \/><\/a><\/td>\n<td width=\"529\">&nbsp;<\/p>\n<p><span style=\"color: #0000ff;\"><strong>\u201cGeneralized Paracontact Metric Manifolds and\u00a0Parallel Second Order Tensors on Vaisman Manifolds\u201d<\/strong><\/span><\/p>\n<p style=\"text-align: left;\"><strong><span style=\"color: #000000;\">Prof. Dr. Cornelia-Livia BEJAN, Gheorghe Asachi Technical University of Ia\u015fi, ROMANYA<\/span><\/strong><\/p>\n<\/td>\n<\/tr>\n<\/tbody>\n<\/table>\n<table>\n<tbody>\n<tr>\n<td width=\"75\"><a href=\"https:\/\/www.math.colostate.edu\/~betten\/\"><img loading=\"lazy\" decoding=\"async\" class=\"alignnone size-full wp-image-2111\" src=\"http:\/\/17geosem.ebyu.edu.tr\/wp-content\/uploads\/2019\/05\/anton_horsetooth_400.png\" alt=\"\" width=\"400\" height=\"454\" \/><\/a><\/td>\n<td width=\"529\">&nbsp;<\/p>\n<p><span style=\"color: #0000ff;\"><strong>\u201cCubic Surfaces Over Small Finite Fields\u201d<\/strong><\/span><\/p>\n<p style=\"text-align: left;\"><strong><span style=\"color: #000000;\">Prof. Dr. Anton BETTEN, Colorado State \u00dcniversitesi, AMER\u0130KA B\u0130RLE\u015e\u0130K DEVLETLER\u0130<\/span><\/strong><\/p>\n<\/td>\n<\/tr>\n<\/tbody>\n<\/table>\n","protected":false},"excerpt":{"rendered":"<p>&nbsp; &#8221;Rotation Minimizing Vector Fields and Applications&#8221; Prof. Dr. Yusuf YAYLI, Ankara \u00dcniversitesi, T\u00dcRK\u0130YE &nbsp; &#8221;Magnetic Curves and Generalizations&#8221; \u00a0Prof. Dr. Marian Ioan MUNTEANU, Alexandru Ioan Cuza \u00dcniversitesi, ROMANYA &nbsp; &nbsp; \u201cHolomorphic Manifolds Over Algebras and Their Applications\u201d \u00a0Prof. Dr. Arif SALIMOV, Bak\u00fc Devlet \u00dcniversitesi, AZERBAYCAN &nbsp; \u201cThe Ethical Principles for Scientific Research and Publications\u201d&hellip; <br \/> <a class=\"read-more\" href=\"https:\/\/17geosem.ebyu.edu.tr\/?page_id=440\">Devam\u0131<\/a><\/p>\n","protected":false},"author":4,"featured_media":0,"parent":0,"menu_order":0,"comment_status":"closed","ping_status":"closed","template":"","meta":{"footnotes":""},"class_list":["post-440","page","type-page","status-publish","hentry"],"_links":{"self":[{"href":"https:\/\/17geosem.ebyu.edu.tr\/index.php?rest_route=\/wp\/v2\/pages\/440","targetHints":{"allow":["GET"]}}],"collection":[{"href":"https:\/\/17geosem.ebyu.edu.tr\/index.php?rest_route=\/wp\/v2\/pages"}],"about":[{"href":"https:\/\/17geosem.ebyu.edu.tr\/index.php?rest_route=\/wp\/v2\/types\/page"}],"author":[{"embeddable":true,"href":"https:\/\/17geosem.ebyu.edu.tr\/index.php?rest_route=\/wp\/v2\/users\/4"}],"replies":[{"embeddable":true,"href":"https:\/\/17geosem.ebyu.edu.tr\/index.php?rest_route=%2Fwp%2Fv2%2Fcomments&post=440"}],"version-history":[{"count":18,"href":"https:\/\/17geosem.ebyu.edu.tr\/index.php?rest_route=\/wp\/v2\/pages\/440\/revisions"}],"predecessor-version":[{"id":2110,"href":"https:\/\/17geosem.ebyu.edu.tr\/index.php?rest_route=\/wp\/v2\/pages\/440\/revisions\/2110"}],"wp:attachment":[{"href":"https:\/\/17geosem.ebyu.edu.tr\/index.php?rest_route=%2Fwp%2Fv2%2Fmedia&parent=440"}],"curies":[{"name":"wp","href":"https:\/\/api.w.org\/{rel}","templated":true}]}}