{"id":1520,"date":"2019-01-22T15:50:22","date_gmt":"2019-01-22T12:50:22","guid":{"rendered":"http:\/\/17geosem.ebyu.edu.tr\/?page_id=1520"},"modified":"2019-05-14T21:02:14","modified_gmt":"2019-05-14T18:02:14","slug":"dergiler","status":"publish","type":"page","link":"https:\/\/17geosem.ebyu.edu.tr\/?page_id=1520","title":{"rendered":"DERG\u0130LER"},"content":{"rendered":"<table>\n<tbody>\n<tr>\n<td width=\"604\"><strong style=\"color: #0000ff;\"><em><a style=\"color: #0000ff;\" href=\"http:\/\/dergipark.gov.tr\/cpost\">*Conference Proceedings of Science and Technology<\/a><\/em><\/strong><\/td>\n<\/tr>\n<tr>\n<td width=\"604\"><strong style=\"color: #0000ff;\"><em><strong><a style=\"color: #0000ff;\" href=\"http:\/\/dergipark.gov.tr\/hsjg\">*Hagia Sophia Journal of Geometry<\/a><\/strong><\/em><\/strong><\/td>\n<\/tr>\n<tr>\n<td width=\"604\"><strong style=\"color: #0000ff;\"><em><strong><a style=\"color: #0000ff;\" href=\"http:\/\/dergipark.gov.tr\/erzifbed\">**Erzincan University Journal of Science and Technology<\/a><\/strong><\/em><\/strong><\/td>\n<\/tr>\n<\/tbody>\n<\/table>\n<div class=\"col-12\"><strong><span style=\"color: #0000ff;\">*<\/span> <span style=\"color: #000000;\">\u0130stenildi\u011fi takdirde 17. Uluslararas\u0131 Geometri Sempozyumunda sunulan bildiriler tam metin bildiri olarak bas\u0131lacakt\u0131r. Tam metin bildirilerin <span style=\"color: #0000ff;\">26 Temmuz 2019<\/span> tarihine kadar<\/span>\u00a0<span style=\"color: #000000;\"><span style=\"color: #0000ff;\"><a style=\"color: #0000ff;\" href=\"mailto:17geosem@erzincan.edu.tr\">17geosem@erzincan.edu.tr<\/a>\u00a0<\/span><\/span><span style=\"background-color: transparent; color: #000000;\">mail adresine g\u00f6nderilmesi gerekmektedir.<\/span><\/strong><\/div>\n<div><\/div>\n<div>\n<hr \/>\n<\/div>\n<div><span style=\"color: #0000ff;\">**<\/span><span style=\"color: #000000;\"><strong> \u0130stenildi\u011fi takdirde hakem s\u00fcrecinden ge\u00e7irilen ve bas\u0131lmas\u0131 uygun g\u00f6r\u00fclen makaleler dergide bas\u0131lacakt\u0131r.<\/strong><\/span><\/div>\n<div id=\"content\" class=\"site-content\">\n<div class=\"container main-content-area\">\n<div class=\"row full-width\">\n<div class=\"main-content-inner col-sm-12 col-md-8\">\n<div id=\"primary\" class=\"content-area\">\n<div class=\"post-inner-content\">\n<article id=\"post-31\" class=\"post-31 page type-page status-publish hentry\">\n<div class=\"entry-content\">\n<p>&nbsp;<\/p>\n<p>&nbsp;<\/p>\n<p><strong><span style=\"color: #0000ff;\">**<\/span><span style=\"color: #000000;\">Dergi\u00a0<\/span><em><span style=\"color: #0000ff;\"><a style=\"color: #0000ff;\" href=\"http:\/\/cabim.ulakbim.gov.tr\/tr-dizin\/tr-dizinde-dizinlenen-dergi-listesi\/\" target=\"_blank\" rel=\"noopener\">TR Dizin<\/a>\u00a0<\/span><\/em><span style=\"color: #000000;\">\u2018de taranmaktad\u0131r.<\/span><\/strong><\/p>\n<\/div>\n<\/article>\n<\/div>\n<\/div>\n<\/div>\n<\/div>\n<\/div>\n<\/div>\n<div id=\"footer-area\">\n<div class=\"container footer-inner\">\n<div class=\"row\"><\/div>\n<\/div>\n<footer id=\"colophon\" class=\"site-footer\" role=\"contentinfo\">\n<div class=\"site-info container\">\n<div class=\"row\"><\/div>\n<\/div>\n<\/footer>\n<\/div>\n","protected":false},"excerpt":{"rendered":"<p>*Conference Proceedings of Science and Technology *Hagia Sophia Journal of Geometry **Erzincan University Journal of Science and Technology * \u0130stenildi\u011fi takdirde 17. Uluslararas\u0131 Geometri Sempozyumunda sunulan bildiriler tam metin bildiri olarak bas\u0131lacakt\u0131r. Tam metin bildirilerin 26 Temmuz 2019 tarihine kadar\u00a017geosem@erzincan.edu.tr\u00a0mail adresine g\u00f6nderilmesi gerekmektedir. ** \u0130stenildi\u011fi takdirde hakem s\u00fcrecinden ge\u00e7irilen ve bas\u0131lmas\u0131 uygun g\u00f6r\u00fclen makaleler dergide&hellip; <br \/> <a class=\"read-more\" href=\"https:\/\/17geosem.ebyu.edu.tr\/?page_id=1520\">Devam\u0131<\/a><\/p>\n","protected":false},"author":4,"featured_media":0,"parent":0,"menu_order":0,"comment_status":"closed","ping_status":"closed","template":"","meta":{"footnotes":""},"class_list":["post-1520","page","type-page","status-publish","hentry"],"_links":{"self":[{"href":"https:\/\/17geosem.ebyu.edu.tr\/index.php?rest_route=\/wp\/v2\/pages\/1520","targetHints":{"allow":["GET"]}}],"collection":[{"href":"https:\/\/17geosem.ebyu.edu.tr\/index.php?rest_route=\/wp\/v2\/pages"}],"about":[{"href":"https:\/\/17geosem.ebyu.edu.tr\/index.php?rest_route=\/wp\/v2\/types\/page"}],"author":[{"embeddable":true,"href":"https:\/\/17geosem.ebyu.edu.tr\/index.php?rest_route=\/wp\/v2\/users\/4"}],"replies":[{"embeddable":true,"href":"https:\/\/17geosem.ebyu.edu.tr\/index.php?rest_route=%2Fwp%2Fv2%2Fcomments&post=1520"}],"version-history":[{"count":21,"href":"https:\/\/17geosem.ebyu.edu.tr\/index.php?rest_route=\/wp\/v2\/pages\/1520\/revisions"}],"predecessor-version":[{"id":1997,"href":"https:\/\/17geosem.ebyu.edu.tr\/index.php?rest_route=\/wp\/v2\/pages\/1520\/revisions\/1997"}],"wp:attachment":[{"href":"https:\/\/17geosem.ebyu.edu.tr\/index.php?rest_route=%2Fwp%2Fv2%2Fmedia&parent=1520"}],"curies":[{"name":"wp","href":"https:\/\/api.w.org\/{rel}","templated":true}]}}